{"id":5445,"date":"2024-12-13T13:53:55","date_gmt":"2024-12-13T12:53:55","guid":{"rendered":"https:\/\/marcapar.com\/listituzione-vegetale\/"},"modified":"2025-07-15T17:04:05","modified_gmt":"2025-07-15T15:04:05","slug":"listituzione-vegetale","status":"publish","type":"page","link":"https:\/\/marcapar.com\/it\/listituzione-vegetale\/","title":{"rendered":"L&#8217;Istituzione Vegetale"},"content":{"rendered":"","protected":false},"excerpt":{"rendered":"","protected":false},"author":1,"featured_media":0,"parent":0,"menu_order":0,"comment_status":"closed","ping_status":"closed","template":"page-plant-institution.php","meta":{"_acf_changed":false,"footnotes":""},"class_list":["post-5445","page","type-page","status-publish","hentry"],"acf":[],"yoast_head":"<!-- This site is optimized with the Yoast SEO plugin v26.8 - https:\/\/yoast.com\/product\/yoast-seo-wordpress\/ -->\n<title>L&#039;Istituzione Vegetale - MARCAPAR<\/title>\n<meta name=\"description\" content=\"All&#039;interno dell&#039;ente di formazione de L&#039;Istituzione Vegetale MARCAPAR, proponiamo un percorso formativo articolato in 4 fasi.\" \/>\n<meta name=\"robots\" content=\"index, follow, max-snippet:-1, max-image-preview:large, max-video-preview:-1\" \/>\n<link rel=\"canonical\" href=\"https:\/\/marcapar.com\/it\/listituzione-vegetale\/\" \/>\n<meta property=\"og:locale\" content=\"it_IT\" \/>\n<meta property=\"og:type\" content=\"article\" \/>\n<meta property=\"og:title\" content=\"L&#039;Istituzione Vegetale - MARCAPAR\" \/>\n<meta property=\"og:description\" content=\"All&#039;interno dell&#039;ente di formazione de L&#039;Istituzione Vegetale MARCAPAR, proponiamo un percorso formativo articolato in 4 fasi.\" \/>\n<meta property=\"og:url\" content=\"https:\/\/marcapar.com\/it\/listituzione-vegetale\/\" \/>\n<meta property=\"og:site_name\" content=\"MARCAPAR\" \/>\n<meta property=\"article:modified_time\" content=\"2025-07-15T15:04:05+00:00\" \/>\n<meta name=\"twitter:card\" content=\"summary_large_image\" \/>\n<script type=\"application\/ld+json\" class=\"yoast-schema-graph\">{\"@context\":\"https:\/\/schema.org\",\"@graph\":[{\"@type\":\"WebPage\",\"@id\":\"https:\/\/marcapar.com\/it\/listituzione-vegetale\/\",\"url\":\"https:\/\/marcapar.com\/it\/listituzione-vegetale\/\",\"name\":\"L'Istituzione Vegetale - MARCAPAR\",\"isPartOf\":{\"@id\":\"https:\/\/marcapar.com\/it\/#website\"},\"datePublished\":\"2024-12-13T12:53:55+00:00\",\"dateModified\":\"2025-07-15T15:04:05+00:00\",\"description\":\"All'interno dell'ente di formazione de L'Istituzione Vegetale MARCAPAR, proponiamo un percorso formativo articolato in 4 fasi.\",\"breadcrumb\":{\"@id\":\"https:\/\/marcapar.com\/it\/listituzione-vegetale\/#breadcrumb\"},\"inLanguage\":\"it-IT\",\"potentialAction\":[{\"@type\":\"ReadAction\",\"target\":[\"https:\/\/marcapar.com\/it\/listituzione-vegetale\/\"]}]},{\"@type\":\"BreadcrumbList\",\"@id\":\"https:\/\/marcapar.com\/it\/listituzione-vegetale\/#breadcrumb\",\"itemListElement\":[{\"@type\":\"ListItem\",\"position\":1,\"name\":\"Pagina iniziale\",\"item\":\"https:\/\/marcapar.com\/it\/\"},{\"@type\":\"ListItem\",\"position\":2,\"name\":\"L&rsquo;Istituzione Vegetale\"}]},{\"@type\":\"WebSite\",\"@id\":\"https:\/\/marcapar.com\/it\/#website\",\"url\":\"https:\/\/marcapar.com\/it\/\",\"name\":\"MARCAPAR\",\"description\":\"La r\u00e9f\u00e9rence de la coloration v\u00e9g\u00e9tale\",\"publisher\":{\"@id\":\"https:\/\/marcapar.com\/it\/#organization\"},\"potentialAction\":[{\"@type\":\"SearchAction\",\"target\":{\"@type\":\"EntryPoint\",\"urlTemplate\":\"https:\/\/marcapar.com\/it\/?s={search_term_string}\"},\"query-input\":{\"@type\":\"PropertyValueSpecification\",\"valueRequired\":true,\"valueName\":\"search_term_string\"}}],\"inLanguage\":\"it-IT\"},{\"@type\":\"Organization\",\"@id\":\"https:\/\/marcapar.com\/it\/#organization\",\"name\":\"MARCAPAR\",\"url\":\"https:\/\/marcapar.com\/it\/\",\"logo\":{\"@type\":\"ImageObject\",\"inLanguage\":\"it-IT\",\"@id\":\"https:\/\/marcapar.com\/it\/#\/schema\/logo\/image\/\",\"url\":\"https:\/\/marcapar.com\/wp-content\/uploads\/2024\/12\/logo.svg\",\"contentUrl\":\"https:\/\/marcapar.com\/wp-content\/uploads\/2024\/12\/logo.svg\",\"caption\":\"MARCAPAR\"},\"image\":{\"@id\":\"https:\/\/marcapar.com\/it\/#\/schema\/logo\/image\/\"}}]}<\/script>\n<!-- \/ Yoast SEO plugin. -->","yoast_head_json":{"title":"L'Istituzione Vegetale - MARCAPAR","description":"All'interno dell'ente di formazione de L'Istituzione Vegetale MARCAPAR, proponiamo un percorso formativo articolato in 4 fasi.","robots":{"index":"index","follow":"follow","max-snippet":"max-snippet:-1","max-image-preview":"max-image-preview:large","max-video-preview":"max-video-preview:-1"},"canonical":"https:\/\/marcapar.com\/it\/listituzione-vegetale\/","og_locale":"it_IT","og_type":"article","og_title":"L'Istituzione Vegetale - MARCAPAR","og_description":"All'interno dell'ente di formazione de L'Istituzione Vegetale MARCAPAR, proponiamo un percorso formativo articolato in 4 fasi.","og_url":"https:\/\/marcapar.com\/it\/listituzione-vegetale\/","og_site_name":"MARCAPAR","article_modified_time":"2025-07-15T15:04:05+00:00","twitter_card":"summary_large_image","schema":{"@context":"https:\/\/schema.org","@graph":[{"@type":"WebPage","@id":"https:\/\/marcapar.com\/it\/listituzione-vegetale\/","url":"https:\/\/marcapar.com\/it\/listituzione-vegetale\/","name":"L'Istituzione Vegetale - MARCAPAR","isPartOf":{"@id":"https:\/\/marcapar.com\/it\/#website"},"datePublished":"2024-12-13T12:53:55+00:00","dateModified":"2025-07-15T15:04:05+00:00","description":"All'interno dell'ente di formazione de L'Istituzione Vegetale MARCAPAR, proponiamo un percorso formativo articolato in 4 fasi.","breadcrumb":{"@id":"https:\/\/marcapar.com\/it\/listituzione-vegetale\/#breadcrumb"},"inLanguage":"it-IT","potentialAction":[{"@type":"ReadAction","target":["https:\/\/marcapar.com\/it\/listituzione-vegetale\/"]}]},{"@type":"BreadcrumbList","@id":"https:\/\/marcapar.com\/it\/listituzione-vegetale\/#breadcrumb","itemListElement":[{"@type":"ListItem","position":1,"name":"Pagina iniziale","item":"https:\/\/marcapar.com\/it\/"},{"@type":"ListItem","position":2,"name":"L&rsquo;Istituzione Vegetale"}]},{"@type":"WebSite","@id":"https:\/\/marcapar.com\/it\/#website","url":"https:\/\/marcapar.com\/it\/","name":"MARCAPAR","description":"La r\u00e9f\u00e9rence de la coloration v\u00e9g\u00e9tale","publisher":{"@id":"https:\/\/marcapar.com\/it\/#organization"},"potentialAction":[{"@type":"SearchAction","target":{"@type":"EntryPoint","urlTemplate":"https:\/\/marcapar.com\/it\/?s={search_term_string}"},"query-input":{"@type":"PropertyValueSpecification","valueRequired":true,"valueName":"search_term_string"}}],"inLanguage":"it-IT"},{"@type":"Organization","@id":"https:\/\/marcapar.com\/it\/#organization","name":"MARCAPAR","url":"https:\/\/marcapar.com\/it\/","logo":{"@type":"ImageObject","inLanguage":"it-IT","@id":"https:\/\/marcapar.com\/it\/#\/schema\/logo\/image\/","url":"https:\/\/marcapar.com\/wp-content\/uploads\/2024\/12\/logo.svg","contentUrl":"https:\/\/marcapar.com\/wp-content\/uploads\/2024\/12\/logo.svg","caption":"MARCAPAR"},"image":{"@id":"https:\/\/marcapar.com\/it\/#\/schema\/logo\/image\/"}}]}},"_links":{"self":[{"href":"https:\/\/marcapar.com\/it\/wp-json\/wp\/v2\/pages\/5445","targetHints":{"allow":["GET"]}}],"collection":[{"href":"https:\/\/marcapar.com\/it\/wp-json\/wp\/v2\/pages"}],"about":[{"href":"https:\/\/marcapar.com\/it\/wp-json\/wp\/v2\/types\/page"}],"author":[{"embeddable":true,"href":"https:\/\/marcapar.com\/it\/wp-json\/wp\/v2\/users\/1"}],"replies":[{"embeddable":true,"href":"https:\/\/marcapar.com\/it\/wp-json\/wp\/v2\/comments?post=5445"}],"version-history":[{"count":24,"href":"https:\/\/marcapar.com\/it\/wp-json\/wp\/v2\/pages\/5445\/revisions"}],"predecessor-version":[{"id":5529,"href":"https:\/\/marcapar.com\/it\/wp-json\/wp\/v2\/pages\/5445\/revisions\/5529"}],"wp:attachment":[{"href":"https:\/\/marcapar.com\/it\/wp-json\/wp\/v2\/media?parent=5445"}],"curies":[{"name":"wp","href":"https:\/\/api.w.org\/{rel}","templated":true}]}}