{"id":4305,"date":"2024-12-13T13:57:31","date_gmt":"2024-12-13T12:57:31","guid":{"rendered":"https:\/\/marcapar.com\/la-nostra-storia\/"},"modified":"2025-06-10T14:25:23","modified_gmt":"2025-06-10T12:25:23","slug":"la-nostra-storia","status":"publish","type":"page","link":"https:\/\/marcapar.com\/it\/la-nostra-storia\/","title":{"rendered":"La nostra storia"},"content":{"rendered":"","protected":false},"excerpt":{"rendered":"","protected":false},"author":1,"featured_media":0,"parent":0,"menu_order":0,"comment_status":"closed","ping_status":"closed","template":"page-our-history.php","meta":{"_acf_changed":false,"footnotes":""},"class_list":["post-4305","page","type-page","status-publish","hentry"],"acf":[],"yoast_head":"<!-- This site is optimized with the Yoast SEO plugin v26.8 - https:\/\/yoast.com\/product\/yoast-seo-wordpress\/ -->\n<title>La nostra storia - MARCAPAR<\/title>\n<meta name=\"description\" content=\"La storia di MARCAPAR: da oltre 30 anni MARCAPAR trae ispirazione dalla forza della natura, spinta dalla sua passione e dalla sua visione del mondo vegetale.\" \/>\n<meta name=\"robots\" content=\"index, follow, max-snippet:-1, max-image-preview:large, max-video-preview:-1\" \/>\n<link rel=\"canonical\" href=\"https:\/\/marcapar.com\/it\/la-nostra-storia\/\" \/>\n<meta property=\"og:locale\" content=\"it_IT\" \/>\n<meta property=\"og:type\" content=\"article\" \/>\n<meta property=\"og:title\" content=\"La nostra storia - MARCAPAR\" \/>\n<meta property=\"og:description\" content=\"La storia di MARCAPAR: da oltre 30 anni MARCAPAR trae ispirazione dalla forza della natura, spinta dalla sua passione e dalla sua visione del mondo vegetale.\" \/>\n<meta property=\"og:url\" content=\"https:\/\/marcapar.com\/it\/la-nostra-storia\/\" \/>\n<meta property=\"og:site_name\" content=\"MARCAPAR\" \/>\n<meta property=\"article:modified_time\" content=\"2025-06-10T12:25:23+00:00\" \/>\n<meta name=\"twitter:card\" content=\"summary_large_image\" \/>\n<script type=\"application\/ld+json\" class=\"yoast-schema-graph\">{\"@context\":\"https:\/\/schema.org\",\"@graph\":[{\"@type\":\"WebPage\",\"@id\":\"https:\/\/marcapar.com\/it\/la-nostra-storia\/\",\"url\":\"https:\/\/marcapar.com\/it\/la-nostra-storia\/\",\"name\":\"La nostra storia - MARCAPAR\",\"isPartOf\":{\"@id\":\"https:\/\/marcapar.com\/it\/#website\"},\"datePublished\":\"2024-12-13T12:57:31+00:00\",\"dateModified\":\"2025-06-10T12:25:23+00:00\",\"description\":\"La storia di MARCAPAR: da oltre 30 anni MARCAPAR trae ispirazione dalla forza della natura, spinta dalla sua passione e dalla sua visione del mondo vegetale.\",\"breadcrumb\":{\"@id\":\"https:\/\/marcapar.com\/it\/la-nostra-storia\/#breadcrumb\"},\"inLanguage\":\"it-IT\",\"potentialAction\":[{\"@type\":\"ReadAction\",\"target\":[\"https:\/\/marcapar.com\/it\/la-nostra-storia\/\"]}]},{\"@type\":\"BreadcrumbList\",\"@id\":\"https:\/\/marcapar.com\/it\/la-nostra-storia\/#breadcrumb\",\"itemListElement\":[{\"@type\":\"ListItem\",\"position\":1,\"name\":\"Pagina iniziale\",\"item\":\"https:\/\/marcapar.com\/it\/\"},{\"@type\":\"ListItem\",\"position\":2,\"name\":\"La nostra storia\"}]},{\"@type\":\"WebSite\",\"@id\":\"https:\/\/marcapar.com\/it\/#website\",\"url\":\"https:\/\/marcapar.com\/it\/\",\"name\":\"MARCAPAR\",\"description\":\"La r\u00e9f\u00e9rence de la coloration v\u00e9g\u00e9tale\",\"publisher\":{\"@id\":\"https:\/\/marcapar.com\/it\/#organization\"},\"potentialAction\":[{\"@type\":\"SearchAction\",\"target\":{\"@type\":\"EntryPoint\",\"urlTemplate\":\"https:\/\/marcapar.com\/it\/?s={search_term_string}\"},\"query-input\":{\"@type\":\"PropertyValueSpecification\",\"valueRequired\":true,\"valueName\":\"search_term_string\"}}],\"inLanguage\":\"it-IT\"},{\"@type\":\"Organization\",\"@id\":\"https:\/\/marcapar.com\/it\/#organization\",\"name\":\"MARCAPAR\",\"url\":\"https:\/\/marcapar.com\/it\/\",\"logo\":{\"@type\":\"ImageObject\",\"inLanguage\":\"it-IT\",\"@id\":\"https:\/\/marcapar.com\/it\/#\/schema\/logo\/image\/\",\"url\":\"https:\/\/marcapar.com\/wp-content\/uploads\/2024\/12\/logo.svg\",\"contentUrl\":\"https:\/\/marcapar.com\/wp-content\/uploads\/2024\/12\/logo.svg\",\"caption\":\"MARCAPAR\"},\"image\":{\"@id\":\"https:\/\/marcapar.com\/it\/#\/schema\/logo\/image\/\"}}]}<\/script>\n<!-- \/ Yoast SEO plugin. -->","yoast_head_json":{"title":"La nostra storia - MARCAPAR","description":"La storia di MARCAPAR: da oltre 30 anni MARCAPAR trae ispirazione dalla forza della natura, spinta dalla sua passione e dalla sua visione del mondo vegetale.","robots":{"index":"index","follow":"follow","max-snippet":"max-snippet:-1","max-image-preview":"max-image-preview:large","max-video-preview":"max-video-preview:-1"},"canonical":"https:\/\/marcapar.com\/it\/la-nostra-storia\/","og_locale":"it_IT","og_type":"article","og_title":"La nostra storia - MARCAPAR","og_description":"La storia di MARCAPAR: da oltre 30 anni MARCAPAR trae ispirazione dalla forza della natura, spinta dalla sua passione e dalla sua visione del mondo vegetale.","og_url":"https:\/\/marcapar.com\/it\/la-nostra-storia\/","og_site_name":"MARCAPAR","article_modified_time":"2025-06-10T12:25:23+00:00","twitter_card":"summary_large_image","schema":{"@context":"https:\/\/schema.org","@graph":[{"@type":"WebPage","@id":"https:\/\/marcapar.com\/it\/la-nostra-storia\/","url":"https:\/\/marcapar.com\/it\/la-nostra-storia\/","name":"La nostra storia - MARCAPAR","isPartOf":{"@id":"https:\/\/marcapar.com\/it\/#website"},"datePublished":"2024-12-13T12:57:31+00:00","dateModified":"2025-06-10T12:25:23+00:00","description":"La storia di MARCAPAR: da oltre 30 anni MARCAPAR trae ispirazione dalla forza della natura, spinta dalla sua passione e dalla sua visione del mondo vegetale.","breadcrumb":{"@id":"https:\/\/marcapar.com\/it\/la-nostra-storia\/#breadcrumb"},"inLanguage":"it-IT","potentialAction":[{"@type":"ReadAction","target":["https:\/\/marcapar.com\/it\/la-nostra-storia\/"]}]},{"@type":"BreadcrumbList","@id":"https:\/\/marcapar.com\/it\/la-nostra-storia\/#breadcrumb","itemListElement":[{"@type":"ListItem","position":1,"name":"Pagina iniziale","item":"https:\/\/marcapar.com\/it\/"},{"@type":"ListItem","position":2,"name":"La nostra storia"}]},{"@type":"WebSite","@id":"https:\/\/marcapar.com\/it\/#website","url":"https:\/\/marcapar.com\/it\/","name":"MARCAPAR","description":"La r\u00e9f\u00e9rence de la coloration v\u00e9g\u00e9tale","publisher":{"@id":"https:\/\/marcapar.com\/it\/#organization"},"potentialAction":[{"@type":"SearchAction","target":{"@type":"EntryPoint","urlTemplate":"https:\/\/marcapar.com\/it\/?s={search_term_string}"},"query-input":{"@type":"PropertyValueSpecification","valueRequired":true,"valueName":"search_term_string"}}],"inLanguage":"it-IT"},{"@type":"Organization","@id":"https:\/\/marcapar.com\/it\/#organization","name":"MARCAPAR","url":"https:\/\/marcapar.com\/it\/","logo":{"@type":"ImageObject","inLanguage":"it-IT","@id":"https:\/\/marcapar.com\/it\/#\/schema\/logo\/image\/","url":"https:\/\/marcapar.com\/wp-content\/uploads\/2024\/12\/logo.svg","contentUrl":"https:\/\/marcapar.com\/wp-content\/uploads\/2024\/12\/logo.svg","caption":"MARCAPAR"},"image":{"@id":"https:\/\/marcapar.com\/it\/#\/schema\/logo\/image\/"}}]}},"_links":{"self":[{"href":"https:\/\/marcapar.com\/it\/wp-json\/wp\/v2\/pages\/4305","targetHints":{"allow":["GET"]}}],"collection":[{"href":"https:\/\/marcapar.com\/it\/wp-json\/wp\/v2\/pages"}],"about":[{"href":"https:\/\/marcapar.com\/it\/wp-json\/wp\/v2\/types\/page"}],"author":[{"embeddable":true,"href":"https:\/\/marcapar.com\/it\/wp-json\/wp\/v2\/users\/1"}],"replies":[{"embeddable":true,"href":"https:\/\/marcapar.com\/it\/wp-json\/wp\/v2\/comments?post=4305"}],"version-history":[{"count":4,"href":"https:\/\/marcapar.com\/it\/wp-json\/wp\/v2\/pages\/4305\/revisions"}],"predecessor-version":[{"id":5127,"href":"https:\/\/marcapar.com\/it\/wp-json\/wp\/v2\/pages\/4305\/revisions\/5127"}],"wp:attachment":[{"href":"https:\/\/marcapar.com\/it\/wp-json\/wp\/v2\/media?parent=4305"}],"curies":[{"name":"wp","href":"https:\/\/api.w.org\/{rel}","templated":true}]}}