{"id":589,"date":"2024-12-13T13:50:40","date_gmt":"2024-12-13T12:50:40","guid":{"rendered":"https:\/\/marcapar.com\/?page_id=589"},"modified":"2025-03-27T17:17:34","modified_gmt":"2025-03-27T16:17:34","slug":"faq","status":"publish","type":"page","link":"https:\/\/marcapar.com\/fr\/faq\/","title":{"rendered":"Questions fr\u00e9quentes"},"content":{"rendered":"","protected":false},"excerpt":{"rendered":"","protected":false},"author":1,"featured_media":0,"parent":0,"menu_order":0,"comment_status":"closed","ping_status":"closed","template":"page-faq.php","meta":{"_acf_changed":false,"footnotes":""},"class_list":["post-589","page","type-page","status-publish","hentry"],"acf":[],"yoast_head":"<!-- This site is optimized with the Yoast SEO plugin v26.8 - https:\/\/yoast.com\/product\/yoast-seo-wordpress\/ -->\n<title>Questions fr\u00e9quentes - MARCAPAR<\/title>\n<meta name=\"description\" content=\"Retrouvez toutes les r\u00e9ponses aux questions que vous vous posez, que ce soit sur MARCAPAR, la coloration v\u00e9g\u00e9tale, les produits...\" \/>\n<meta name=\"robots\" content=\"index, follow, max-snippet:-1, max-image-preview:large, max-video-preview:-1\" \/>\n<link rel=\"canonical\" href=\"https:\/\/marcapar.com\/fr\/faq\/\" \/>\n<meta property=\"og:locale\" content=\"fr_FR\" \/>\n<meta property=\"og:type\" content=\"article\" \/>\n<meta property=\"og:title\" content=\"Questions fr\u00e9quentes - MARCAPAR\" \/>\n<meta property=\"og:description\" content=\"Retrouvez toutes les r\u00e9ponses aux questions que vous vous posez, que ce soit sur MARCAPAR, la coloration v\u00e9g\u00e9tale, les produits...\" \/>\n<meta property=\"og:url\" content=\"https:\/\/marcapar.com\/fr\/faq\/\" \/>\n<meta property=\"og:site_name\" content=\"MARCAPAR\" \/>\n<meta property=\"article:modified_time\" content=\"2025-03-27T16:17:34+00:00\" \/>\n<meta name=\"twitter:card\" content=\"summary_large_image\" \/>\n<script type=\"application\/ld+json\" class=\"yoast-schema-graph\">{\"@context\":\"https:\/\/schema.org\",\"@graph\":[{\"@type\":\"WebPage\",\"@id\":\"https:\/\/marcapar.com\/fr\/faq\/\",\"url\":\"https:\/\/marcapar.com\/fr\/faq\/\",\"name\":\"Questions fr\u00e9quentes - MARCAPAR\",\"isPartOf\":{\"@id\":\"https:\/\/marcapar.com\/fr\/#website\"},\"datePublished\":\"2024-12-13T12:50:40+00:00\",\"dateModified\":\"2025-03-27T16:17:34+00:00\",\"description\":\"Retrouvez toutes les r\u00e9ponses aux questions que vous vous posez, que ce soit sur MARCAPAR, la coloration v\u00e9g\u00e9tale, les produits...\",\"breadcrumb\":{\"@id\":\"https:\/\/marcapar.com\/fr\/faq\/#breadcrumb\"},\"inLanguage\":\"fr-FR\",\"potentialAction\":[{\"@type\":\"ReadAction\",\"target\":[\"https:\/\/marcapar.com\/fr\/faq\/\"]}]},{\"@type\":\"BreadcrumbList\",\"@id\":\"https:\/\/marcapar.com\/fr\/faq\/#breadcrumb\",\"itemListElement\":[{\"@type\":\"ListItem\",\"position\":1,\"name\":\"Accueil\",\"item\":\"https:\/\/marcapar.com\/fr\/\"},{\"@type\":\"ListItem\",\"position\":2,\"name\":\"Questions fr\u00e9quentes\"}]},{\"@type\":\"WebSite\",\"@id\":\"https:\/\/marcapar.com\/fr\/#website\",\"url\":\"https:\/\/marcapar.com\/fr\/\",\"name\":\"MARCAPAR\",\"description\":\"La r\u00e9f\u00e9rence de la coloration v\u00e9g\u00e9tale\",\"publisher\":{\"@id\":\"https:\/\/marcapar.com\/fr\/#organization\"},\"potentialAction\":[{\"@type\":\"SearchAction\",\"target\":{\"@type\":\"EntryPoint\",\"urlTemplate\":\"https:\/\/marcapar.com\/fr\/?s={search_term_string}\"},\"query-input\":{\"@type\":\"PropertyValueSpecification\",\"valueRequired\":true,\"valueName\":\"search_term_string\"}}],\"inLanguage\":\"fr-FR\"},{\"@type\":\"Organization\",\"@id\":\"https:\/\/marcapar.com\/fr\/#organization\",\"name\":\"MARCAPAR\",\"url\":\"https:\/\/marcapar.com\/fr\/\",\"logo\":{\"@type\":\"ImageObject\",\"inLanguage\":\"fr-FR\",\"@id\":\"https:\/\/marcapar.com\/fr\/#\/schema\/logo\/image\/\",\"url\":\"https:\/\/marcapar.com\/wp-content\/uploads\/2024\/12\/logo.svg\",\"contentUrl\":\"https:\/\/marcapar.com\/wp-content\/uploads\/2024\/12\/logo.svg\",\"caption\":\"MARCAPAR\"},\"image\":{\"@id\":\"https:\/\/marcapar.com\/fr\/#\/schema\/logo\/image\/\"}}]}<\/script>\n<!-- \/ Yoast SEO plugin. -->","yoast_head_json":{"title":"Questions fr\u00e9quentes - MARCAPAR","description":"Retrouvez toutes les r\u00e9ponses aux questions que vous vous posez, que ce soit sur MARCAPAR, la coloration v\u00e9g\u00e9tale, les produits...","robots":{"index":"index","follow":"follow","max-snippet":"max-snippet:-1","max-image-preview":"max-image-preview:large","max-video-preview":"max-video-preview:-1"},"canonical":"https:\/\/marcapar.com\/fr\/faq\/","og_locale":"fr_FR","og_type":"article","og_title":"Questions fr\u00e9quentes - MARCAPAR","og_description":"Retrouvez toutes les r\u00e9ponses aux questions que vous vous posez, que ce soit sur MARCAPAR, la coloration v\u00e9g\u00e9tale, les produits...","og_url":"https:\/\/marcapar.com\/fr\/faq\/","og_site_name":"MARCAPAR","article_modified_time":"2025-03-27T16:17:34+00:00","twitter_card":"summary_large_image","schema":{"@context":"https:\/\/schema.org","@graph":[{"@type":"WebPage","@id":"https:\/\/marcapar.com\/fr\/faq\/","url":"https:\/\/marcapar.com\/fr\/faq\/","name":"Questions fr\u00e9quentes - MARCAPAR","isPartOf":{"@id":"https:\/\/marcapar.com\/fr\/#website"},"datePublished":"2024-12-13T12:50:40+00:00","dateModified":"2025-03-27T16:17:34+00:00","description":"Retrouvez toutes les r\u00e9ponses aux questions que vous vous posez, que ce soit sur MARCAPAR, la coloration v\u00e9g\u00e9tale, les produits...","breadcrumb":{"@id":"https:\/\/marcapar.com\/fr\/faq\/#breadcrumb"},"inLanguage":"fr-FR","potentialAction":[{"@type":"ReadAction","target":["https:\/\/marcapar.com\/fr\/faq\/"]}]},{"@type":"BreadcrumbList","@id":"https:\/\/marcapar.com\/fr\/faq\/#breadcrumb","itemListElement":[{"@type":"ListItem","position":1,"name":"Accueil","item":"https:\/\/marcapar.com\/fr\/"},{"@type":"ListItem","position":2,"name":"Questions fr\u00e9quentes"}]},{"@type":"WebSite","@id":"https:\/\/marcapar.com\/fr\/#website","url":"https:\/\/marcapar.com\/fr\/","name":"MARCAPAR","description":"La r\u00e9f\u00e9rence de la coloration v\u00e9g\u00e9tale","publisher":{"@id":"https:\/\/marcapar.com\/fr\/#organization"},"potentialAction":[{"@type":"SearchAction","target":{"@type":"EntryPoint","urlTemplate":"https:\/\/marcapar.com\/fr\/?s={search_term_string}"},"query-input":{"@type":"PropertyValueSpecification","valueRequired":true,"valueName":"search_term_string"}}],"inLanguage":"fr-FR"},{"@type":"Organization","@id":"https:\/\/marcapar.com\/fr\/#organization","name":"MARCAPAR","url":"https:\/\/marcapar.com\/fr\/","logo":{"@type":"ImageObject","inLanguage":"fr-FR","@id":"https:\/\/marcapar.com\/fr\/#\/schema\/logo\/image\/","url":"https:\/\/marcapar.com\/wp-content\/uploads\/2024\/12\/logo.svg","contentUrl":"https:\/\/marcapar.com\/wp-content\/uploads\/2024\/12\/logo.svg","caption":"MARCAPAR"},"image":{"@id":"https:\/\/marcapar.com\/fr\/#\/schema\/logo\/image\/"}}]}},"_links":{"self":[{"href":"https:\/\/marcapar.com\/fr\/wp-json\/wp\/v2\/pages\/589","targetHints":{"allow":["GET"]}}],"collection":[{"href":"https:\/\/marcapar.com\/fr\/wp-json\/wp\/v2\/pages"}],"about":[{"href":"https:\/\/marcapar.com\/fr\/wp-json\/wp\/v2\/types\/page"}],"author":[{"embeddable":true,"href":"https:\/\/marcapar.com\/fr\/wp-json\/wp\/v2\/users\/1"}],"replies":[{"embeddable":true,"href":"https:\/\/marcapar.com\/fr\/wp-json\/wp\/v2\/comments?post=589"}],"version-history":[{"count":37,"href":"https:\/\/marcapar.com\/fr\/wp-json\/wp\/v2\/pages\/589\/revisions"}],"predecessor-version":[{"id":3898,"href":"https:\/\/marcapar.com\/fr\/wp-json\/wp\/v2\/pages\/589\/revisions\/3898"}],"wp:attachment":[{"href":"https:\/\/marcapar.com\/fr\/wp-json\/wp\/v2\/media?parent=589"}],"curies":[{"name":"wp","href":"https:\/\/api.w.org\/{rel}","templated":true}]}}